{"id":2541,"date":"2022-08-05T13:39:39","date_gmt":"2022-08-05T12:39:39","guid":{"rendered":"http:\/\/www.stepteamtwente.nl\/home\/?page_id=2541"},"modified":"2022-08-16T19:58:44","modified_gmt":"2022-08-16T18:58:44","slug":"vaardigheidparcours","status":"publish","type":"page","link":"https:\/\/www.stepteamtwente.nl\/home\/vaardigheidparcours\/","title":{"rendered":"Vaardigheidparcours"},"content":{"rendered":"<h3><strong>Vaardigheidsparcours<\/strong><\/h3>\n<p>Het vaardigheidsparcours is onderdeel van de <b><a href=\"https:\/\/www.stepteamtwente.nl\/home\/bericht\/stepvierkamp-2022\/\">Stepvierkamp<\/a><\/b> die Stepteam Twente organiseert op 3 september 2022.<\/p>\n<p>Bij het vaardigheidsparcours moet een parcours met hindernissen zo snel mogelijk worden afgelegd. Het parcours wordt uitgezet aan \u00e9\u00e9n zijde van de 400m-baan. Je gaat van start met een <em>staande start<\/em> (\u00e9\u00e9n voet op de plank).<\/p>\n<p>Op de heenweg kom je de volgende twee hindernissen tegen:<\/p>\n<ul>\n<li><em><b>Bidon neerzetten<\/b><\/em><br \/>\nDe stepper moet een bidon uit de bidonhouder van de step halen en rechtop op de grond neerzetten binnen een bepaald vak, zonder daarbij met een voet de grond te raken. De bidon is deels met water gevuld en wordt door de organisatie verstrekt. De stepper mag zelf bepalen op welk moment hij de bidon uit de bidonhouder pakt. Bij de start moet de bidon echter in de bidonhouder zitten.<br \/>\nAls het neerzetten mislukt, moet je de bidon oppakken en terugsteppen naar het startvak om vervolgens een nieuwe poging te ondernemen. Als ook de tweede neerzetpoging mislukt, krijg je 5\u00a0strafseconden en mag je doorsteppen naar het volgende onderdeel. De stepper moet zorgen dat zijn step is voorzien van een bidonhouder.<\/li>\n<p>&nbsp;<br \/>\n<iframe loading=\"lazy\" width=\"626\" height=\"352\" src=\"https:\/\/www.youtube.com\/embed\/5FU1dlX20Io?feature=oembed\" frameborder=\"0\" allow=\"accelerometer; autoplay; clipboard-write; encrypted-media; gyroscope; picture-in-picture\" allowfullscreen title=\"Bidon neerzetten\"><\/iframe><br \/>\n&nbsp;\n<\/ul>\n<ul>\n<li><em><b>Snelle slalom<\/b><\/em><br \/>\nEen snelle slalom om een serie hoedjes die (ongeveer) in een rechte lijn achter elkaar staan, zodat de slalom snel kan worden genomen. De afstand tussen de hoedjes wordt ca. 3 meter. De hoedjes mogen niet met de step of de voet worden aangeraakt.<\/li>\n<p>&nbsp;<br \/>\n<iframe loading=\"lazy\" width=\"626\" height=\"352\" src=\"https:\/\/www.youtube.com\/embed\/XOVWlJgCr9Y?feature=oembed\" frameborder=\"0\" allow=\"accelerometer; autoplay; clipboard-write; encrypted-media; gyroscope; picture-in-picture\" allowfullscreen title=\"Snelle slalom\"><\/iframe><br \/>\n&nbsp;\n<\/ul>\n<ul>\n<li><em><b>Keerpunt<\/b><\/em><br \/>\nAan het einde van de heenweg moet een keerpunt worden genomen om een pilon.<br \/>\nDeze pilon kan niet ruim worden genomen, omdat de stepper binnen de rij hoedjes moet blijven die in een halve cirkel om de pilon liggen. De pilon of hoedjes mogen niet worden aangeraakt. <\/li>\n<p>&nbsp;<br \/>\n<iframe loading=\"lazy\" width=\"626\" height=\"352\" src=\"https:\/\/www.youtube.com\/embed\/u3ZFmRE3hUM?feature=oembed\" frameborder=\"0\" allow=\"accelerometer; autoplay; clipboard-write; encrypted-media; gyroscope; picture-in-picture\" allowfullscreen title=\"Keerpunt\"><\/iframe><br \/>\n&nbsp;\n<\/ul>\n<p>Na het keerpunt volgen nog drie hindernissen:<\/p>\n<ul>\n<li><em><b>Brede slalom<\/b><\/em><br \/>\nDeze slalom bestaat uit twee rijen hoedjes. De rijen liggen circa 5\u00a0meter uit elkaar. In de lengte staan de hoedjes circa 5\u00a0meter uit elkaar. De hoedjes mogen niet met de step of de voet worden aangeraakt.<\/li>\n<p>&nbsp;<br \/>\n<iframe loading=\"lazy\" width=\"626\" height=\"352\" src=\"https:\/\/www.youtube.com\/embed\/Pm3zbzSvTjE?feature=oembed\" frameborder=\"0\" allow=\"accelerometer; autoplay; clipboard-write; encrypted-media; gyroscope; picture-in-picture\" allowfullscreen title=\"Grote slalom\"><\/iframe><br \/>\n&nbsp;\n<\/ul>\n<ul>\n<li><em><b>Bidon oppakken en Eindstop<\/b><\/em><br \/>\nEen bidon (die door de jury rechtop is neergezet) moet worden opgepakt en in de bidonhouder worden geschoven. Binnen het bidonvak mag de stepper geen voet aan de grond zetten. Na het oppakken van de bidon moet over 15 meter worden afgesprint naar het finishvak.<br \/>\n<br \/>\nDe stopwatch wordt ingedrukt zodra de stepper binnen het finishvak tot stilstand is gekomen. Wanneer de stepper buiten het finishvak tot stilstand komt, kost dat strafseconden. Zodra de stepper stilstaat moet deze 10 seconden blijven stilstaan op de plek (surplace) zonder met een van de voeten aan de grond te komen. Dit levert 5 seconden tijdwinst op.<\/li>\n<p>&nbsp;<br \/>\n<iframe loading=\"lazy\" width=\"626\" height=\"352\" src=\"https:\/\/www.youtube.com\/embed\/aBaW6enKDxY?feature=oembed\" frameborder=\"0\" allow=\"accelerometer; autoplay; clipboard-write; encrypted-media; gyroscope; picture-in-picture\" allowfullscreen title=\"Bidon oppakken, finish en surplace\"><\/iframe><br \/>\n&nbsp;\n<\/ul>\n<p>Als er fouten worden gemaakt bij de hindernissen, kost dat strafseconden. Elke gemaakte fout kost 5 strafseconden.<\/p>\n<p>Het volledige vaardigheidsparcours (opklikbaar voor groter formaat):<\/p>\n<ul>\n<li>\n<a href=\"https:\/\/www.stepteamtwente.nl\/home\/wp-content\/uploads\/2022\/08\/vierkamp_parcours_2022.jpg\"><img loading=\"lazy\" decoding=\"async\" class=\"alignnone wp-image-2550 size-medium\" src=\"https:\/\/www.stepteamtwente.nl\/home\/wp-content\/uploads\/2022\/08\/vierkamp_parcours_2022_small-212x300.jpg\" alt=\"\" width=\"212\" height=\"300\" srcset=\"https:\/\/www.stepteamtwente.nl\/home\/wp-content\/uploads\/2022\/08\/vierkamp_parcours_2022_small-212x300.jpg 212w, https:\/\/www.stepteamtwente.nl\/home\/wp-content\/uploads\/2022\/08\/vierkamp_parcours_2022_small.jpg 496w\" sizes=\"auto, (max-width: 212px) 100vw, 212px\" \/><\/a>\n<\/li>\n<\/ul>\n","protected":false},"excerpt":{"rendered":"<p>Vaardigheidsparcours Het vaardigheidsparcours is onderdeel van de Stepvierkamp die Stepteam Twente organiseert op 3 september 2022. Bij het vaardigheidsparcours moet een parcours met hindernissen zo snel mogelijk worden afgelegd. Het parcours wordt uitgezet aan \u00e9\u00e9n zijde van de 400m-baan. Je gaat van start met een staande start (\u00e9\u00e9n voet op de plank). Op de heenweg [&hellip;]<\/p>\n","protected":false},"author":11,"featured_media":0,"parent":0,"menu_order":0,"comment_status":"closed","ping_status":"closed","template":"","meta":{"footnotes":""},"class_list":["post-2541","page","type-page","status-publish","hentry"],"yoast_head":"<!-- This site is optimized with the Yoast SEO plugin v24.7 - https:\/\/yoast.com\/wordpress\/plugins\/seo\/ -->\n<title>Vaardigheidparcours - Stepteam Twente<\/title>\n<meta name=\"robots\" content=\"index, follow, max-snippet:-1, max-image-preview:large, max-video-preview:-1\" \/>\n<link rel=\"canonical\" href=\"https:\/\/www.stepteamtwente.nl\/home\/vaardigheidparcours\/\" \/>\n<meta property=\"og:locale\" content=\"nl_NL\" \/>\n<meta property=\"og:type\" content=\"article\" \/>\n<meta property=\"og:title\" content=\"Vaardigheidparcours - Stepteam Twente\" \/>\n<meta property=\"og:description\" content=\"Vaardigheidsparcours Het vaardigheidsparcours is onderdeel van de Stepvierkamp die Stepteam Twente organiseert op 3 september 2022. Bij het vaardigheidsparcours moet een parcours met hindernissen zo snel mogelijk worden afgelegd. Het parcours wordt uitgezet aan \u00e9\u00e9n zijde van de 400m-baan. Je gaat van start met een staande start (\u00e9\u00e9n voet op de plank). Op de heenweg [&hellip;]\" \/>\n<meta property=\"og:url\" content=\"https:\/\/www.stepteamtwente.nl\/home\/vaardigheidparcours\/\" \/>\n<meta property=\"og:site_name\" content=\"Stepteam Twente\" \/>\n<meta property=\"article:publisher\" content=\"https:\/\/www.facebook.com\/StepteamTwente\" \/>\n<meta property=\"article:modified_time\" content=\"2022-08-16T18:58:44+00:00\" \/>\n<meta property=\"og:image\" content=\"http:\/\/www.stepteamtwente.nl\/home\/wp-content\/uploads\/2022\/08\/vierkamp_parcours_2022_small-212x300.jpg\" \/>\n<meta name=\"twitter:card\" content=\"summary_large_image\" \/>\n<meta name=\"twitter:label1\" content=\"Geschatte leestijd\" \/>\n\t<meta name=\"twitter:data1\" content=\"3 minuten\" \/>\n<script type=\"application\/ld+json\" class=\"yoast-schema-graph\">{\"@context\":\"https:\/\/schema.org\",\"@graph\":[{\"@type\":\"WebPage\",\"@id\":\"https:\/\/www.stepteamtwente.nl\/home\/vaardigheidparcours\/\",\"url\":\"https:\/\/www.stepteamtwente.nl\/home\/vaardigheidparcours\/\",\"name\":\"Vaardigheidparcours - Stepteam Twente\",\"isPartOf\":{\"@id\":\"https:\/\/www.stepteamtwente.nl\/home\/#website\"},\"primaryImageOfPage\":{\"@id\":\"https:\/\/www.stepteamtwente.nl\/home\/vaardigheidparcours\/#primaryimage\"},\"image\":{\"@id\":\"https:\/\/www.stepteamtwente.nl\/home\/vaardigheidparcours\/#primaryimage\"},\"thumbnailUrl\":\"http:\/\/www.stepteamtwente.nl\/home\/wp-content\/uploads\/2022\/08\/vierkamp_parcours_2022_small-212x300.jpg\",\"datePublished\":\"2022-08-05T12:39:39+00:00\",\"dateModified\":\"2022-08-16T18:58:44+00:00\",\"breadcrumb\":{\"@id\":\"https:\/\/www.stepteamtwente.nl\/home\/vaardigheidparcours\/#breadcrumb\"},\"inLanguage\":\"nl-NL\",\"potentialAction\":[{\"@type\":\"ReadAction\",\"target\":[\"https:\/\/www.stepteamtwente.nl\/home\/vaardigheidparcours\/\"]}]},{\"@type\":\"ImageObject\",\"inLanguage\":\"nl-NL\",\"@id\":\"https:\/\/www.stepteamtwente.nl\/home\/vaardigheidparcours\/#primaryimage\",\"url\":\"http:\/\/www.stepteamtwente.nl\/home\/wp-content\/uploads\/2022\/08\/vierkamp_parcours_2022_small-212x300.jpg\",\"contentUrl\":\"http:\/\/www.stepteamtwente.nl\/home\/wp-content\/uploads\/2022\/08\/vierkamp_parcours_2022_small-212x300.jpg\"},{\"@type\":\"BreadcrumbList\",\"@id\":\"https:\/\/www.stepteamtwente.nl\/home\/vaardigheidparcours\/#breadcrumb\",\"itemListElement\":[{\"@type\":\"ListItem\",\"position\":1,\"name\":\"Home\",\"item\":\"https:\/\/www.stepteamtwente.nl\/home\/\"},{\"@type\":\"ListItem\",\"position\":2,\"name\":\"Vaardigheidparcours\"}]},{\"@type\":\"WebSite\",\"@id\":\"https:\/\/www.stepteamtwente.nl\/home\/#website\",\"url\":\"https:\/\/www.stepteamtwente.nl\/home\/\",\"name\":\"Stepteam Twente\",\"description\":\"\",\"publisher\":{\"@id\":\"https:\/\/www.stepteamtwente.nl\/home\/#organization\"},\"potentialAction\":[{\"@type\":\"SearchAction\",\"target\":{\"@type\":\"EntryPoint\",\"urlTemplate\":\"https:\/\/www.stepteamtwente.nl\/home\/?s={search_term_string}\"},\"query-input\":{\"@type\":\"PropertyValueSpecification\",\"valueRequired\":true,\"valueName\":\"search_term_string\"}}],\"inLanguage\":\"nl-NL\"},{\"@type\":\"Organization\",\"@id\":\"https:\/\/www.stepteamtwente.nl\/home\/#organization\",\"name\":\"Stepteam Twente\",\"url\":\"https:\/\/www.stepteamtwente.nl\/home\/\",\"logo\":{\"@type\":\"ImageObject\",\"inLanguage\":\"nl-NL\",\"@id\":\"https:\/\/www.stepteamtwente.nl\/home\/#\/schema\/logo\/image\/\",\"url\":\"https:\/\/www.stepteamtwente.nl\/home\/wp-content\/uploads\/2023\/08\/cropped-android-chrome-512x512-2.png\",\"contentUrl\":\"https:\/\/www.stepteamtwente.nl\/home\/wp-content\/uploads\/2023\/08\/cropped-android-chrome-512x512-2.png\",\"width\":512,\"height\":512,\"caption\":\"Stepteam Twente\"},\"image\":{\"@id\":\"https:\/\/www.stepteamtwente.nl\/home\/#\/schema\/logo\/image\/\"},\"sameAs\":[\"https:\/\/www.facebook.com\/StepteamTwente\",\"https:\/\/www.youtube.com\/channel\/UCWhSLkNxAUOcz_qxyarW6HA\"]}]}<\/script>\n<!-- \/ Yoast SEO plugin. -->","yoast_head_json":{"title":"Vaardigheidparcours - Stepteam Twente","robots":{"index":"index","follow":"follow","max-snippet":"max-snippet:-1","max-image-preview":"max-image-preview:large","max-video-preview":"max-video-preview:-1"},"canonical":"https:\/\/www.stepteamtwente.nl\/home\/vaardigheidparcours\/","og_locale":"nl_NL","og_type":"article","og_title":"Vaardigheidparcours - Stepteam Twente","og_description":"Vaardigheidsparcours Het vaardigheidsparcours is onderdeel van de Stepvierkamp die Stepteam Twente organiseert op 3 september 2022. Bij het vaardigheidsparcours moet een parcours met hindernissen zo snel mogelijk worden afgelegd. Het parcours wordt uitgezet aan \u00e9\u00e9n zijde van de 400m-baan. Je gaat van start met een staande start (\u00e9\u00e9n voet op de plank). Op de heenweg [&hellip;]","og_url":"https:\/\/www.stepteamtwente.nl\/home\/vaardigheidparcours\/","og_site_name":"Stepteam Twente","article_publisher":"https:\/\/www.facebook.com\/StepteamTwente","article_modified_time":"2022-08-16T18:58:44+00:00","og_image":[{"url":"http:\/\/www.stepteamtwente.nl\/home\/wp-content\/uploads\/2022\/08\/vierkamp_parcours_2022_small-212x300.jpg","type":"","width":"","height":""}],"twitter_card":"summary_large_image","twitter_misc":{"Geschatte leestijd":"3 minuten"},"schema":{"@context":"https:\/\/schema.org","@graph":[{"@type":"WebPage","@id":"https:\/\/www.stepteamtwente.nl\/home\/vaardigheidparcours\/","url":"https:\/\/www.stepteamtwente.nl\/home\/vaardigheidparcours\/","name":"Vaardigheidparcours - Stepteam Twente","isPartOf":{"@id":"https:\/\/www.stepteamtwente.nl\/home\/#website"},"primaryImageOfPage":{"@id":"https:\/\/www.stepteamtwente.nl\/home\/vaardigheidparcours\/#primaryimage"},"image":{"@id":"https:\/\/www.stepteamtwente.nl\/home\/vaardigheidparcours\/#primaryimage"},"thumbnailUrl":"http:\/\/www.stepteamtwente.nl\/home\/wp-content\/uploads\/2022\/08\/vierkamp_parcours_2022_small-212x300.jpg","datePublished":"2022-08-05T12:39:39+00:00","dateModified":"2022-08-16T18:58:44+00:00","breadcrumb":{"@id":"https:\/\/www.stepteamtwente.nl\/home\/vaardigheidparcours\/#breadcrumb"},"inLanguage":"nl-NL","potentialAction":[{"@type":"ReadAction","target":["https:\/\/www.stepteamtwente.nl\/home\/vaardigheidparcours\/"]}]},{"@type":"ImageObject","inLanguage":"nl-NL","@id":"https:\/\/www.stepteamtwente.nl\/home\/vaardigheidparcours\/#primaryimage","url":"http:\/\/www.stepteamtwente.nl\/home\/wp-content\/uploads\/2022\/08\/vierkamp_parcours_2022_small-212x300.jpg","contentUrl":"http:\/\/www.stepteamtwente.nl\/home\/wp-content\/uploads\/2022\/08\/vierkamp_parcours_2022_small-212x300.jpg"},{"@type":"BreadcrumbList","@id":"https:\/\/www.stepteamtwente.nl\/home\/vaardigheidparcours\/#breadcrumb","itemListElement":[{"@type":"ListItem","position":1,"name":"Home","item":"https:\/\/www.stepteamtwente.nl\/home\/"},{"@type":"ListItem","position":2,"name":"Vaardigheidparcours"}]},{"@type":"WebSite","@id":"https:\/\/www.stepteamtwente.nl\/home\/#website","url":"https:\/\/www.stepteamtwente.nl\/home\/","name":"Stepteam Twente","description":"","publisher":{"@id":"https:\/\/www.stepteamtwente.nl\/home\/#organization"},"potentialAction":[{"@type":"SearchAction","target":{"@type":"EntryPoint","urlTemplate":"https:\/\/www.stepteamtwente.nl\/home\/?s={search_term_string}"},"query-input":{"@type":"PropertyValueSpecification","valueRequired":true,"valueName":"search_term_string"}}],"inLanguage":"nl-NL"},{"@type":"Organization","@id":"https:\/\/www.stepteamtwente.nl\/home\/#organization","name":"Stepteam Twente","url":"https:\/\/www.stepteamtwente.nl\/home\/","logo":{"@type":"ImageObject","inLanguage":"nl-NL","@id":"https:\/\/www.stepteamtwente.nl\/home\/#\/schema\/logo\/image\/","url":"https:\/\/www.stepteamtwente.nl\/home\/wp-content\/uploads\/2023\/08\/cropped-android-chrome-512x512-2.png","contentUrl":"https:\/\/www.stepteamtwente.nl\/home\/wp-content\/uploads\/2023\/08\/cropped-android-chrome-512x512-2.png","width":512,"height":512,"caption":"Stepteam Twente"},"image":{"@id":"https:\/\/www.stepteamtwente.nl\/home\/#\/schema\/logo\/image\/"},"sameAs":["https:\/\/www.facebook.com\/StepteamTwente","https:\/\/www.youtube.com\/channel\/UCWhSLkNxAUOcz_qxyarW6HA"]}]}},"_links":{"self":[{"href":"https:\/\/www.stepteamtwente.nl\/home\/wp-json\/wp\/v2\/pages\/2541","targetHints":{"allow":["GET"]}}],"collection":[{"href":"https:\/\/www.stepteamtwente.nl\/home\/wp-json\/wp\/v2\/pages"}],"about":[{"href":"https:\/\/www.stepteamtwente.nl\/home\/wp-json\/wp\/v2\/types\/page"}],"author":[{"embeddable":true,"href":"https:\/\/www.stepteamtwente.nl\/home\/wp-json\/wp\/v2\/users\/11"}],"replies":[{"embeddable":true,"href":"https:\/\/www.stepteamtwente.nl\/home\/wp-json\/wp\/v2\/comments?post=2541"}],"version-history":[{"count":37,"href":"https:\/\/www.stepteamtwente.nl\/home\/wp-json\/wp\/v2\/pages\/2541\/revisions"}],"predecessor-version":[{"id":2587,"href":"https:\/\/www.stepteamtwente.nl\/home\/wp-json\/wp\/v2\/pages\/2541\/revisions\/2587"}],"wp:attachment":[{"href":"https:\/\/www.stepteamtwente.nl\/home\/wp-json\/wp\/v2\/media?parent=2541"}],"curies":[{"name":"wp","href":"https:\/\/api.w.org\/{rel}","templated":true}]}}